{"id":4576,"date":"2019-05-28T16:54:14","date_gmt":"2019-05-28T16:54:14","guid":{"rendered":"https:\/\/limitsrl.it\/?page_id=4576"},"modified":"2019-05-29T18:59:37","modified_gmt":"2019-05-29T18:59:37","slug":"i-nostri-servizi","status":"publish","type":"page","link":"https:\/\/limitsrl.it\/index.php\/i-nostri-servizi\/","title":{"rendered":"I nostri servizi"},"content":{"rendered":"\n<div  class=\"content_row row alt-style-1 fullwidth boxed_columns fixed_heights border-top border-bottom shadow-top shadow-bottom\" >\n\t\n\t<div class=\"content_row_wrapper  default\" style=\"padding-top:100px;padding-bottom:100px;\">\n\t<div class=\"col col-xs-12 col-sm-12\" >\n\t\t\t<div class=\"rt_heading_wrapper style-4\">\n\t\t\t\t\t\t<h3 class=\"rt_heading  style-4\" >I NOSTRI SERVIZI<\/h3>\n\t\t\t\t\t<\/div>\n\t<div id=\"\" class=\"rt_text_column rt_content_element \">\n\t\t\n<h3 class=\"p1\"><span class=\"s1\"><b>Servizio Gestione Cassetta Pronto Soccorso\/Pacchetto di Medicazione DM 388\/03<\/b><\/span><\/h3>\n<p class=\"p3\"><span class=\"s1\">In base all\u2019art. 2 del D.M. 388\/03 <b><i>il datore deve garantire<\/i><\/b>, in funzione del gruppo di appartenenza dell\u2019azienda (A, B o C), <b><i>cassetta di pronto soccorso o pacchetto di medicazione tenuto presso ciascun luogo di lavoro, adeguatamente custodita in un luogo facilmente accessibile ed individuabile con segnaletica appropriata contenente la dotazione minima indicata negli allegati 1 e 2<\/i><\/b>. Tale dotazione \u00e8 da integrare sulla base dei rischi presenti nei luoghi di lavoro e su indicazione del medico competente, ove previsto. <b><i>Deve essere costantemente assicurata la completezza ed il corretto stato d\u2019uso dei presidi ivi contenuti<\/i><\/b>.<\/span><\/p>\n<p class=\"p3\"><span class=\"s1\">Inoltre, nelle aziende o unit\u00e0 produttive che hanno lavoratori che prestano la propria attivit\u00e0 in luoghi isolati, diversi dalla sede aziendale o unit\u00e0 produttiva, <b><i>il datore di lavoro \u00e8 tenuto a fornire loro il pacchetto di medicazione<\/i><\/b> ed un mezzo di comunicazione idoneo per raccordarsi con l\u2019azienda al fine di attivare rapidamente il sistema di emergenza del S.S.N.<\/span><\/p>\n<p class=\"p3\"><span class=\"s1\">Considerato quanto sopra descritto, proponiamo un servizio relativo alla <b><i>gestione e risoluzione di tutte le problematiche inerenti le Cassette di Pronto Soccorso e i Pacchetti di Medicazione previsti<\/i><\/b> dal D.M. 388\/03 e dal D.Lgs 81\/08.<\/span><\/p>\n<p class=\"p3\"><span class=\"s1\">Il servizio offre i seguenti <b><i>vantaggi<\/i><\/b>:<\/span><\/p>\n<ul class=\"ul1\">\n<li class=\"li5\"><span class=\"s1\"><b><i>Nessun impiego di tempo da parte del datore di lavoro o dei lavoratori incaricati a mantenere efficienti le cassette di Pronto Soccorso e i Pacchetti di Medicazione<\/i><\/b><\/span><\/li>\n<li class=\"li5\"><span class=\"s1\"><b><i>Garanzia della presenza del contenuto previsto dalla normativa sia in caso di ispezione sia in caso di necessit\u00e0 di effettuare un soccorso<\/i><\/b><\/span><\/li>\n<li class=\"li5\"><span class=\"s1\"><b><i>Garanzia della costante completezza e corretto stato d\u2019uso del contenuto delle cassette di Pronto Soccorso e Pacchetti di Medicazione<\/i><\/b><\/span><\/li>\n<\/ul>\n<p class=\"p3\"><span class=\"s1\">Il servizio prevede:<\/span><\/p>\n<ul class=\"ul1\">\n<li class=\"li5\"><span class=\"s1\">Sopralluogo iniziale e verifica materiale scaduto, non adeguato o non presente<\/span><\/li>\n<li class=\"li5\"><span class=\"s1\">Sostituzione immediata del materiale scaduto o non adeguato<\/span><\/li>\n<li class=\"li5\"><span class=\"s1\">Integrazione del materiale non presente<\/span><\/li>\n<li class=\"li5\"><span class=\"s1\">Monitoraggio scadenza e sostituzione materiale a scadenza<\/span><\/li>\n<li class=\"li5\"><span class=\"s1\">Ripristino materiale utilizzato in seguito a richiesta dell\u2019azienda<\/span><\/li>\n<\/ul>\n<p class=\"p3\"><span class=\"s1\">Per ulteriori informazioni sul servizio e sui costi contattaci.<\/span><\/p>\n<p>&nbsp;<\/p>\n<h3 class=\"p1\"><span class=\"s1\"><b>Servizio Gestione Defibrillatore Automatico Esterno (DAE)<\/b><\/span><\/h3>\n<p class=\"p3\"><span class=\"s1\">Il servizio offre i seguenti <b><i>vantaggi<\/i><\/b>:<\/span><\/p>\n<ul class=\"ul1\">\n<li class=\"li5\"><span class=\"s1\"><b><i>Nessun impiego di tempo da parte del datore di lavoro o dei lavoratori incaricati a mantenere efficiente il DAE<\/i><\/b><\/span><\/li>\n<li class=\"li5\"><span class=\"s1\"><b><i>Garanzia del costante corretto stato d\u2019uso del DAE per un efficace ed efficiente risultato in caso di utilizzo<\/i><\/b><\/span><\/li>\n<\/ul>\n<p class=\"p3\"><span class=\"s1\">Il servizio prevede:<\/span><\/p>\n<ul class=\"ul1\">\n<li class=\"li5\"><span class=\"s1\">Sopralluogo iniziale e verifica in loco dello stato del DAE e degli accessori (teca, allarme, piastre, ready kit, ecc.)<\/span><\/li>\n<li class=\"li5\"><span class=\"s1\">Sostituzione del materiale scaduto o non adeguato<\/span><\/li>\n<li class=\"li5\"><span class=\"s1\">Integrazione del materiale non presente<\/span><\/li>\n<li class=\"li5\"><span class=\"s1\">Monitoraggio scadenze elettrodi e sostituzione a scadenza<\/span><\/li>\n<li class=\"li5\"><span class=\"s1\">Ripristino elettrodi utilizzati in seguito a richiesta del cliente<\/span><\/li>\n<li class=\"li5\"><span class=\"s1\">Verifica di sicurezza elettrica biennale<\/span><\/li>\n<li class=\"li5\"><span class=\"s1\">Gestione di eventuali segnalazioni di anomalie riscontrate sul DAE (a seguito comunicazione scritta da parte del cliente).<\/span><\/li>\n<\/ul>\n<p class=\"p3\"><span class=\"s1\">Per ulteriori informazioni sul servizio e sui costi contattaci.<\/span><\/p>\n\n\t<\/div>\n\n\t<\/div>\n<\/div>\n<\/div>\n\n","protected":false},"excerpt":{"rendered":"<p>&#8230; <a class=\"more-link\" href=\"https:\/\/limitsrl.it\/index.php\/i-nostri-servizi\/\">Continue reading<\/a><\/p>\n","protected":false},"author":1,"featured_media":0,"parent":0,"menu_order":0,"comment_status":"closed","ping_status":"closed","template":"","meta":{"footnotes":""},"class_list":["post-4576","page","type-page","status-publish","hentry"],"_links":{"self":[{"href":"https:\/\/limitsrl.it\/index.php\/wp-json\/wp\/v2\/pages\/4576","targetHints":{"allow":["GET"]}}],"collection":[{"href":"https:\/\/limitsrl.it\/index.php\/wp-json\/wp\/v2\/pages"}],"about":[{"href":"https:\/\/limitsrl.it\/index.php\/wp-json\/wp\/v2\/types\/page"}],"author":[{"embeddable":true,"href":"https:\/\/limitsrl.it\/index.php\/wp-json\/wp\/v2\/users\/1"}],"replies":[{"embeddable":true,"href":"https:\/\/limitsrl.it\/index.php\/wp-json\/wp\/v2\/comments?post=4576"}],"version-history":[{"count":9,"href":"https:\/\/limitsrl.it\/index.php\/wp-json\/wp\/v2\/pages\/4576\/revisions"}],"predecessor-version":[{"id":4592,"href":"https:\/\/limitsrl.it\/index.php\/wp-json\/wp\/v2\/pages\/4576\/revisions\/4592"}],"wp:attachment":[{"href":"https:\/\/limitsrl.it\/index.php\/wp-json\/wp\/v2\/media?parent=4576"}],"curies":[{"name":"wp","href":"https:\/\/api.w.org\/{rel}","templated":true}]}}