{"id":4310,"date":"2019-05-15T12:44:31","date_gmt":"2019-05-15T12:44:31","guid":{"rendered":"https:\/\/limitsrl.it\/?page_id=4310"},"modified":"2019-05-15T12:44:32","modified_gmt":"2019-05-15T12:44:32","slug":"privacy-policy","status":"publish","type":"page","link":"https:\/\/limitsrl.it\/index.php\/privacy-policy\/","title":{"rendered":"Privacy Policy"},"content":{"rendered":"\n<p><strong>Informativa sulla privacy<\/strong><\/p>\n\n\n\n<p>Limit Srls si impegna a proteggere i Suoi dati personali e la Sua privacy. Ci impegniamo a rispettare le leggi vigenti sulla protezione dei dati personali. Questa informativa sulla Privacy illustra i modi in cui le informazioni personali possono essere raccolte, utilizzate, condivise, trasmesse e conservate da Limit Srls.<\/p>\n\n\n\n<p>Limit Srls pu\u00f2 in qualsiasi momento cambiare, modificare o aggiornare questa informativa sulla privacy senza preavviso. La versione pi\u00f9 recente pu\u00f2 essere consultata in qualsiasi momento.<\/p>\n\n\n\n<p><strong>1. Titolare del trattamento dati<\/strong><\/p>\n\n\n\n<p>Limit Srls \u00e8 il titolare del trattamento dei Suoi dati personali.<\/p>\n\n\n\n<p>Contattare il responsabile della conformit\u00e0 al seguente indirizzo: info@limitsrl.it<\/p>\n\n\n\n<p><strong>2. Dati personali raccolti<\/strong><\/p>\n\n\n\n<p>Sar\u00e0 sempre informato quando vengono raccolti i Suoi dati personali. Limit Srls pu\u00f2 raccogliere dati personali, come nome, indirizzo e-mail, citt\u00e0 e Paese di residenza, numero identificativo personale, indirizzo IP e prodotti d&#8217;interesse. Per la trasmissione dei dati, verr\u00e0 sempre specificato se la trasmissione \u00e8 volontaria o necessaria per completare l&#8217;azione richiesta.<\/p>\n\n\n\n<p>I dati personali sono raccolti in uno dei seguenti casi:<\/p>\n\n\n\n<p>-uso del nostro sito web limitsrl.it <\/p>\n\n\n\n<p>-iscrizione alla newsletter o comunicazione delle informazioni di contatto per ricevere inviti, informazioni sul prodotto o offerte speciali<\/p>\n\n\n\n<p>-acquisto di prodotti<\/p>\n\n\n\n<p>-compilazione del questionario di soddisfazione del cliente<\/p>\n\n\n\n<p>Se usa l&#8217;indirizzo e-mail in pi\u00f9 di un caso di quelli sopraccitati, i Suoi dati personali saranno raccolti e registrati insieme. In questo modo, le Sue informazioni sono gi\u00e0 archiviate e lo stesso materiale promozionale verr\u00e0 inviato da Limit Srls una sola volta.<\/p>\n\n\n\n<p><strong>3. Utilizzo dei dati personali<\/strong><\/p>\n\n\n\n<p>Limit Srls utilizza i Suoi dati personali per:<\/p>\n\n\n\n<p>-facilitare i contatti in caso di collaborazioni<\/p>\n\n\n\n<p>-statistiche<\/p>\n\n\n\n<p>-iscrizioni alla newsletter<\/p>\n\n\n\n<p>-inviare materiale promozionale<\/p>\n\n\n\n<p>-altre iniziative di marketing<\/p>\n\n\n\n<p>-registrare preferenze personali <\/p>\n\n\n\n<p>-inviare comunicazioni di servizio tramite e-mail o sms<\/p>\n\n\n\n<p>I Suoi dati personali sono utilizzati esclusivamente per inviare materiale promozionale dietro Suo espresso consenso, a meno che la legislazione non consenta di contattarLa senza previo consenso.&nbsp;<\/p>\n\n\n\n<p>Limit Srls conserva le statistiche sulle aree del sito pi\u00f9 visitate dagli utenti e sulle preferenze dei prodotti. Tramite i dati sulle modalit\u00e0 di navigazione degli utenti, cerchiamo di migliorare il nostro sito web. Non siamo tuttavia in grado di localizzare il sito internet di provenienza n\u00e9 il sito che visiter\u00e0 dopo aver lasciato il nostro sito. Non vendiamo o divulghiamo informazioni sulle modalit\u00e0 di navigazione o utilizzo del sito da parte degli utenti. Non vendiamo o divulghiamo informazioni sulla cronologia acquisti degli utenti a terzi.<\/p>\n\n\n\n<p>I Suoi dati personali non saranno venduti, condivisi n\u00e9 diffusi a terzi senza consenso, ad eccezione del caso in cui venga richiesto a Limit Srls da una legge vigente, una sentenza della corte o un regolamento governativo, o se tale divulgazione \u00e8 necessaria a un&#8217;indagine legale o penale o a un processo locale o all&#8217;estero.<\/p>\n\n\n\n<p><strong>4. Eliminazione dei dati personali<\/strong><\/p>\n\n\n\n<p>Limit Srls eliminer\u00e0 i vostri dati personali qualora il loro trattamento non sia pi\u00f9 necessario a uno o pi\u00f9 scopi citati nella sezione 3. Tuttavia, i dati possono essere trattati e conservati per periodi pi\u00f9 lunghi in forma anonima.<\/p>\n\n\n\n<p><strong>5. Sicurezza<\/strong><\/p>\n\n\n\n<p>Abbiamo applicato misure di sicurezza che garantiscano procedure interne rispondenti ai pi\u00f9 elevati standard di sicurezza. Il sito web \u00e8 dotato di misure di sicurezza per prevenire la perdita, l&#8217;uso improprio o l&#8217;alterazione delle informazioni in nostro possesso. Di conseguenza, ci impegniamo a difendere la qualit\u00e0 e l&#8217;integrit\u00e0 dei Suoi dati personali. Qualsiasi informazione sui pazienti sar\u00e0 trattata esclusivamente in forma pseudonimizzata.<\/p>\n\n\n\n<p><strong>6. Cookies<\/strong><\/p>\n\n\n\n<p>Limit Srls usa cookies. Per saperne di pi\u00f9 sull&#8217;utilizzo dei cookies, consultare l&#8217;informativa sui Cookies.<\/p>\n\n\n\n<p><strong>7. Link ad altri siti web, ecc.<\/strong><\/p>\n\n\n\n<p>Il sito web di Limit Srls pu\u00f2 contenere link ad altri siti o siti integrati. Limit Srls non pu\u00f2 essere ritenuta responsabile dei contenuti dei siti di altre societ\u00e0 o delle procedure di tali societ\u00e0 nella raccolta dati. Nel visitare altri siti, leggere attentamente la relativa informativa sulla protezione dei dati personali e altre informative rilevanti.<\/p>\n\n\n\n<p><strong>8. Diritti<\/strong><\/p>\n\n\n\n<p>In qualsiasi momento ha il diritto di essere informato del trattamento dei Suoi dati personali, salvo talune eccezioni legali. Ha il diritto di opporsi alla raccolta e al trattamento dei dati personali. Inoltre, ha il diritto di rettificare, eliminare o bloccare i Suoi dati personali secondo quanto stabilito dal regolamento. In aggiunta, ha il diritto di ricevere le informazioni che ci ha fornito sul Suo conto e di poterle trasmettere ad un&#8217;altra unit\u00e0 di controllo dati (portabilit\u00e0 dei dati).<\/p>\n\n\n\n<p>Se vuole aggiornare, modificare o eliminare dati personali gi\u00e0 registrati, o accedere a dati gi\u00e0 trattati, o in caso di ulteriori domande sulle presenti linee guida, o se desidera presentare ricorso contro il trattamento dei propri dati personali, contattare il seguente indirizzo e-mail: info@limitsrl.it<\/p>\n","protected":false},"excerpt":{"rendered":"<p>Informativa sulla privacy Limit Srls si impegna a proteggere i Suoi dati personali e la Sua privacy. Ci impegniamo a rispettare le leggi vigenti sulla protezione dei dati personali. Questa informativa sulla Privacy illustra i modi in cui le informazioni personali possono essere raccolte, utilizzate, condivise, trasmesse e conservate da Limit Srls. Limit Srls pu\u00f2 &#8230; <a class=\"more-link\" href=\"https:\/\/limitsrl.it\/index.php\/privacy-policy\/\">Continue reading<\/a><\/p>\n","protected":false},"author":1,"featured_media":0,"parent":0,"menu_order":0,"comment_status":"closed","ping_status":"closed","template":"","meta":{"footnotes":""},"class_list":["post-4310","page","type-page","status-publish","hentry"],"_links":{"self":[{"href":"https:\/\/limitsrl.it\/index.php\/wp-json\/wp\/v2\/pages\/4310","targetHints":{"allow":["GET"]}}],"collection":[{"href":"https:\/\/limitsrl.it\/index.php\/wp-json\/wp\/v2\/pages"}],"about":[{"href":"https:\/\/limitsrl.it\/index.php\/wp-json\/wp\/v2\/types\/page"}],"author":[{"embeddable":true,"href":"https:\/\/limitsrl.it\/index.php\/wp-json\/wp\/v2\/users\/1"}],"replies":[{"embeddable":true,"href":"https:\/\/limitsrl.it\/index.php\/wp-json\/wp\/v2\/comments?post=4310"}],"version-history":[{"count":1,"href":"https:\/\/limitsrl.it\/index.php\/wp-json\/wp\/v2\/pages\/4310\/revisions"}],"predecessor-version":[{"id":4311,"href":"https:\/\/limitsrl.it\/index.php\/wp-json\/wp\/v2\/pages\/4310\/revisions\/4311"}],"wp:attachment":[{"href":"https:\/\/limitsrl.it\/index.php\/wp-json\/wp\/v2\/media?parent=4310"}],"curies":[{"name":"wp","href":"https:\/\/api.w.org\/{rel}","templated":true}]}}