{"id":2360,"date":"2016-01-22T03:46:42","date_gmt":"2016-01-22T03:46:42","guid":{"rendered":"http:\/\/rttheme20.rtthemes.com\/?page_id=2360"},"modified":"2019-07-02T15:25:08","modified_gmt":"2019-07-02T15:25:08","slug":"home","status":"publish","type":"page","link":"https:\/\/limitsrl.it\/","title":{"rendered":"HOME"},"content":{"rendered":"\n<div  class=\"content_row row default-style fullwidth\" >\n\t\n\t<div class=\"content_row_wrapper nopadding fullwidth\" >\n\t<div class=\"col col-xs-12 col-sm-12\" >\n\t\t\t<div id=\"content-slider-460846\" class=\"rt-carousel main-carousel carousel-holder clearfix\" data-item-width=\"1\" data-mobile-height=\"380\" data-nav=\"true\" data-dots=\"true\" data-parallax=\"false\" data-timeout=\"10000\" data-autoplay=\"true\">\n<div class=\"owl-carousel\">\n\n\t\t<div class=\"item  alt-style-2\" style=\"background-image: url(https:\/\/limitsrl.it\/wp-content\/uploads\/2019\/03\/sala-operatoria-1.jpeg);background-repeat: repeat-x;background-size: cover;background-position: center center;min-height: 580px;\">\n\t\t\t\n\t\t\t<div class=\"slide-content-wrapper default clearfix\">\n\t\t\t\t<div class=\"slide-content  left text-left\" style=\"width: 45%;margin-top: 210px;\" data-mobile-top-margin= \"80\">\t\t\t\n\t\t\t\t\t\n\t\t\t\t\t\n\t\t\t\t\t\n\t\t\t\t\t\n\t\t\t\t\t\n\t\t\t\t<\/div>\n\t\t\t<\/div>\n\t\t<\/div><\/div>\n\n\t\t\t\t<div id=\"content-slider-460846-dots\" class=\"dots-holder\">\n\t\t\t\t<\/div>\n\t\t\t\n<\/div>\n\n\t<\/div>\n<\/div>\n<\/div>\n\n<div  class=\"content_row row default-style fullwidth\" >\n\t\n\t<div class=\"content_row_wrapper  default\" style=\"padding-top:60px;padding-bottom:60px;\">\n\t<div class=\"col col-xs-12 col-sm-3\" >\n\t\t\t<div class=\"rt_heading_wrapper style-1\">\n\t\t\t\t\t\t<h4 class=\"rt_heading  style-1\" >CHI SIAMO<\/h4>\n\t\t\t\t\t<\/div>\n\t<div id=\"\" class=\"rt_text_column rt_content_element \">\n\t\tLimit S.r.l.s. \u00e8 una realt\u00e0 nata nel 2014 da un team di persone operanti nel mercato sanitario (Pubblico e Privato) da pi\u00f9 di 30 anni.\n\t<\/div>\n[vc_empty_space height=&#8221;5px&#8221;]<div class=\"button_wrapper align \"><a  href=\"https:\/\/limitsrl.it\/index.php\/chisiamo\/\" target=\"_self\" title=\"Link Title\" class=\"button_ class name color medium\">SCOPRI DI PIU'<\/a><\/div>\n\t<\/div>\n\n\t<div class=\"col col-xs-12 col-sm-3\" >\n\t\t\t<div class=\"rt_heading_wrapper style-1\">\n\t\t\t\t\t\t<h4 class=\"rt_heading  style-1\" >PRODOTTI<\/h4>\n\t\t\t\t\t<\/div>\n\t<div id=\"\" class=\"rt_text_column rt_content_element \">\n\t\tScopri la nostra vasta gamma di prodotti, suddivisi nelle diverse Aree mediche che trattiamo e scegli quelli pi\u00f9 adatti alle tue esigenze.\n\t<\/div>\n[vc_empty_space height=&#8221;5px&#8221;]<div class=\"button_wrapper align \"><a  href=\"https:\/\/limitsrl.it\/index.php\/prodotti\/\" target=\"_self\" title=\"SCOPRI DI PIU'\" class=\"button_  color medium\">SCOPRI DI PIU'<\/a><\/div>\n\t<\/div>\n\n\t<div class=\"col col-xs-12 col-sm-3\" >\n\t\t\t<div class=\"rt_heading_wrapper style-1\">\n\t\t\t\t\t\t<h4 class=\"rt_heading  style-1\" >SERVIZI<\/h4>\n\t\t\t\t\t<\/div>\n\t<div id=\"\" class=\"rt_text_column rt_content_element \">\n\t\tSiamo specializzati nella gestione e manutenzione del Defibrillatore Automatico Esterno e delle Cassette di Pronto Soccorso e Pacchetti di Medicazione.\n\t<\/div>\n[vc_empty_space height=&#8221;5px&#8221;]<div class=\"button_wrapper align \"><a  href=\"https:\/\/limitsrl.it\/index.php\/i-nostri-servizi\/\" target=\"_self\" title=\"SCOPRI DI PIU'\" class=\"button_  color small\">SCOPRI DI PIU'<\/a><\/div>\n\t<\/div>\n<\/div>\n<\/div>\n[vc_section]\n<div  class=\"content_row row default-style fullwidth\" >\n\t\n\t<div class=\"content_row_wrapper  default\" >\n\t<div class=\"col col-xs-12 col-sm-3\" >\n\t\t\t[vc_text_separator title=&#8221;TEMPO LIBERO&#8221; color=&#8221;green&#8221;]\n\t<div id=\"\" class=\"rt_text_column rt_content_element \">\n\t\t\n<div style=\"width: 1060px;\" class=\"wp-video\"><!--[if lt IE 9]><script>document.createElement('video');<\/script><![endif]-->\n<video class=\"wp-video-shortcode\" id=\"video-2360-1\" width=\"1060\" height=\"596\" preload=\"metadata\" controls=\"controls\"><source type=\"video\/mp4\" src=\"https:\/\/limitsrl.it\/wp-content\/uploads\/2019\/05\/videos_educational-videos_italycityaed3mp4.mp4?_=1\" \/><a href=\"https:\/\/limitsrl.it\/wp-content\/uploads\/2019\/05\/videos_educational-videos_italycityaed3mp4.mp4\">https:\/\/limitsrl.it\/wp-content\/uploads\/2019\/05\/videos_educational-videos_italycityaed3mp4.mp4<\/a><\/video><\/div>\n\n\t<\/div>\n\n\t<\/div>\n\n\t<div class=\"col col-xs-12 col-sm-3\" >\n\t\t\t[vc_text_separator title=&#8221;SPORT&#8221; color=&#8221;green&#8221;]\n\t<div id=\"\" class=\"rt_text_column rt_content_element \">\n\t\t\n<div style=\"width: 1060px;\" class=\"wp-video\"><video class=\"wp-video-shortcode\" id=\"video-2360-2\" width=\"1060\" height=\"596\" preload=\"metadata\" controls=\"controls\"><source type=\"video\/mp4\" src=\"https:\/\/limitsrl.it\/wp-content\/uploads\/2019\/05\/videos_educational-videos_italygymaed300x3kou11vnobetaitmp4.mp4?_=2\" \/><a href=\"https:\/\/limitsrl.it\/wp-content\/uploads\/2019\/05\/videos_educational-videos_italygymaed300x3kou11vnobetaitmp4.mp4\">https:\/\/limitsrl.it\/wp-content\/uploads\/2019\/05\/videos_educational-videos_italygymaed300x3kou11vnobetaitmp4.mp4<\/a><\/video><\/div>\n\n\t<\/div>\n\n\t<\/div>\n\n\t<div class=\"col col-xs-12 col-sm-3\" >\n\t\t\t[vc_text_separator title=&#8221;HOTEL&#8221; color=&#8221;green&#8221;]\n\t<div id=\"\" class=\"rt_text_column rt_content_element \">\n\t\t\n<div style=\"width: 1060px;\" class=\"wp-video\"><video class=\"wp-video-shortcode\" id=\"video-2360-3\" width=\"1060\" height=\"596\" preload=\"metadata\" controls=\"controls\"><source type=\"video\/mp4\" src=\"https:\/\/limitsrl.it\/wp-content\/uploads\/2019\/05\/videos_educational-videos_italyhotelaed30c8mnijqhnyybetaitmp4-1.mp4?_=3\" \/><a href=\"https:\/\/limitsrl.it\/wp-content\/uploads\/2019\/05\/videos_educational-videos_italyhotelaed30c8mnijqhnyybetaitmp4-1.mp4\">https:\/\/limitsrl.it\/wp-content\/uploads\/2019\/05\/videos_educational-videos_italyhotelaed30c8mnijqhnyybetaitmp4-1.mp4<\/a><\/video><\/div>\n\n\t<\/div>\n\n\t<\/div>\n\n\t<div class=\"col col-xs-12 col-sm-3\" >\n\t\t\t[vc_text_separator title=&#8221;LAVORO&#8221; color=&#8221;green&#8221;]\n\t<div id=\"\" class=\"rt_text_column rt_content_element \">\n\t\t\n<div style=\"width: 960px;\" class=\"wp-video\"><video class=\"wp-video-shortcode\" id=\"video-2360-4\" width=\"960\" height=\"540\" preload=\"metadata\" controls=\"controls\"><source type=\"video\/mp4\" src=\"https:\/\/limitsrl.it\/wp-content\/uploads\/2019\/05\/Zoll-breve.mp4?_=4\" \/><a href=\"https:\/\/limitsrl.it\/wp-content\/uploads\/2019\/05\/Zoll-breve.mp4\">https:\/\/limitsrl.it\/wp-content\/uploads\/2019\/05\/Zoll-breve.mp4<\/a><\/video><\/div>\n\n\t<\/div>\n\n\t<\/div>\n<\/div>\n<\/div>\n[\/vc_section]<\/p>\n","protected":false},"excerpt":{"rendered":"<p>[vc_section][\/vc_section&#8230; <a class=\"more-link\" href=\"https:\/\/limitsrl.it\/\">Continue reading<\/a><\/p>\n","protected":false},"author":1,"featured_media":0,"parent":0,"menu_order":0,"comment_status":"closed","ping_status":"closed","template":"","meta":{"footnotes":""},"class_list":["post-2360","page","type-page","status-publish","hentry"],"_links":{"self":[{"href":"https:\/\/limitsrl.it\/index.php\/wp-json\/wp\/v2\/pages\/2360","targetHints":{"allow":["GET"]}}],"collection":[{"href":"https:\/\/limitsrl.it\/index.php\/wp-json\/wp\/v2\/pages"}],"about":[{"href":"https:\/\/limitsrl.it\/index.php\/wp-json\/wp\/v2\/types\/page"}],"author":[{"embeddable":true,"href":"https:\/\/limitsrl.it\/index.php\/wp-json\/wp\/v2\/users\/1"}],"replies":[{"embeddable":true,"href":"https:\/\/limitsrl.it\/index.php\/wp-json\/wp\/v2\/comments?post=2360"}],"version-history":[{"count":62,"href":"https:\/\/limitsrl.it\/index.php\/wp-json\/wp\/v2\/pages\/2360\/revisions"}],"predecessor-version":[{"id":4782,"href":"https:\/\/limitsrl.it\/index.php\/wp-json\/wp\/v2\/pages\/2360\/revisions\/4782"}],"wp:attachment":[{"href":"https:\/\/limitsrl.it\/index.php\/wp-json\/wp\/v2\/media?parent=2360"}],"curies":[{"name":"wp","href":"https:\/\/api.w.org\/{rel}","templated":true}]}}